{"id":22,"date":"2020-10-01T04:07:20","date_gmt":"2020-10-01T04:07:20","guid":{"rendered":"http:\/\/solsabato.com\/?page_id=22"},"modified":"2022-08-31T23:34:44","modified_gmt":"2022-08-31T23:34:44","slug":"sobre-mi","status":"publish","type":"page","link":"https:\/\/solsabato.com\/index.php\/sobre-mi\/","title":{"rendered":"SOBRE MI"},"content":{"rendered":"\n<p class=\"has-medium-font-size\">Hola!&#8230;soy Sol S\u00e1bato<\/p>\n\n\n<div class=\"wp-block-image\">\n<figure class=\"alignright size-large is-resized\"><img loading=\"lazy\" decoding=\"async\" src=\"https:\/\/solsabato.com\/wp-content\/uploads\/2022\/08\/5E112BA8-2817-449C-BFA0-7E05ABF1DC35-769x1024.jpeg\" alt=\"\" class=\"wp-image-216\" width=\"460\" height=\"612\" srcset=\"https:\/\/solsabato.com\/wp-content\/uploads\/2022\/08\/5E112BA8-2817-449C-BFA0-7E05ABF1DC35-769x1024.jpeg 769w, https:\/\/solsabato.com\/wp-content\/uploads\/2022\/08\/5E112BA8-2817-449C-BFA0-7E05ABF1DC35-225x300.jpeg 225w, https:\/\/solsabato.com\/wp-content\/uploads\/2022\/08\/5E112BA8-2817-449C-BFA0-7E05ABF1DC35-768x1022.jpeg 768w, https:\/\/solsabato.com\/wp-content\/uploads\/2022\/08\/5E112BA8-2817-449C-BFA0-7E05ABF1DC35-1154x1536.jpeg 1154w, https:\/\/solsabato.com\/wp-content\/uploads\/2022\/08\/5E112BA8-2817-449C-BFA0-7E05ABF1DC35-1539x2048.jpeg 1539w, https:\/\/solsabato.com\/wp-content\/uploads\/2022\/08\/5E112BA8-2817-449C-BFA0-7E05ABF1DC35-scaled.jpeg 1923w\" sizes=\"(max-width: 460px) 100vw, 460px\" \/><figcaption>Processed with VSCO with a4 preset<\/figcaption><\/figure><\/div>\n\n\n<p class=\"has-medium-font-size\">Mi misi\u00f3n es fusionar el estilismo de interiores con los conceptos del coaching ontol\u00f3gico, dandole nacimiento a una decoraci\u00f3n m\u00e1s emocional, en relaci\u00f3n profunda con el ser y su esencia.<\/p>\n\n\n\n<p class=\"has-medium-font-size\">Creo sinceramente en nuestra capacidad de construir espacios felices y en total respeto con el planeta. Lo natural, lo simple, lo artesanal, otorgando belleza y bienestar en nuestros hogares.<\/p>\n\n\n\n<p class=\"has-medium-font-size\">Veo el mundo en formato de fotograf\u00eda multidimensional, observando con los 5 sentidos&#8230;sintiendo c\u00f3mo cada elemento de un espacio puede contribuir al disfrute y belleza de lo cotidiano.<\/p>\n\n\n\n<p class=\"has-medium-font-size\">Hace algunos a\u00f1os me dedico a generar contenido sobre estilismo y decoraci\u00f3n, compartiendo informaci\u00f3n que aplico en mi casa y en los proyectos deco en los&nbsp; que trabajo.&nbsp;<\/p>\n\n\n\n<p class=\"has-medium-font-size\">Amo viajar, y ver c\u00f3mo cada lugar que visito tiene una est\u00e9tica diferente asociada a la cultura y costumbres propias de su gente.<\/p>\n\n\n\n<p class=\"has-medium-font-size\">Voy inspirarte y ayudarte a que tengas un casa cada d\u00eda m\u00e1s feliz y m\u00e1s coherente con vos.<\/p>\n","protected":false},"excerpt":{"rendered":"<p>Hola!&#8230;soy Sol S\u00e1bato Mi misi\u00f3n es fusionar el estilismo de interiores con los conceptos del coaching ontol\u00f3gico, dandole nacimiento a una decoraci\u00f3n m\u00e1s emocional, en relaci\u00f3n profunda con el ser y su esencia. Creo sinceramente en nuestra capacidad de construir espacios felices y en total respeto con el planeta. Lo natural, lo simple, lo artesanal, [&hellip;]<\/p>\n","protected":false},"author":1,"featured_media":0,"parent":0,"menu_order":0,"comment_status":"closed","ping_status":"closed","template":"","meta":{"footnotes":""},"_links":{"self":[{"href":"https:\/\/solsabato.com\/index.php\/wp-json\/wp\/v2\/pages\/22"}],"collection":[{"href":"https:\/\/solsabato.com\/index.php\/wp-json\/wp\/v2\/pages"}],"about":[{"href":"https:\/\/solsabato.com\/index.php\/wp-json\/wp\/v2\/types\/page"}],"author":[{"embeddable":true,"href":"https:\/\/solsabato.com\/index.php\/wp-json\/wp\/v2\/users\/1"}],"replies":[{"embeddable":true,"href":"https:\/\/solsabato.com\/index.php\/wp-json\/wp\/v2\/comments?post=22"}],"version-history":[{"count":7,"href":"https:\/\/solsabato.com\/index.php\/wp-json\/wp\/v2\/pages\/22\/revisions"}],"predecessor-version":[{"id":215,"href":"https:\/\/solsabato.com\/index.php\/wp-json\/wp\/v2\/pages\/22\/revisions\/215"}],"wp:attachment":[{"href":"https:\/\/solsabato.com\/index.php\/wp-json\/wp\/v2\/media?parent=22"}],"curies":[{"name":"wp","href":"https:\/\/api.w.org\/{rel}","templated":true}]}}